{"id":14,"date":"2023-09-11T10:45:05","date_gmt":"2023-09-11T08:45:05","guid":{"rendered":"http:\/\/protestants-ostwald.fr\/?page_id=14"},"modified":"2026-04-07T11:49:19","modified_gmt":"2026-04-07T09:49:19","slug":"accueil","status":"publish","type":"page","link":"https:\/\/protestants-ostwald.fr\/","title":{"rendered":"Accueil"},"content":{"rendered":"\n<h2 class=\"wp-block-heading\">Bienvenue sur le site de la paroisse protestante d\u2019Ostwald !<\/h2>\n\n\n\n<p>Nous sommes une communaut\u00e9 d&rsquo;\u00eatres humains qui tentent de vivre ensemble la libert\u00e9 que donne l&rsquo;\u00c9vangile de J\u00e9sus-Christ.<\/p>\n\n\n\n<h2 class=\"wp-block-heading\">Nous rejoindre<\/h2>\n\n\n\n<p class=\"has-text-align-center\">Retrouvez nous pour le <strong><mark style=\"background-color:rgba(0, 0, 0, 0)\" class=\"has-inline-color has-vivid-cyan-blue-color\">culte<\/mark><\/strong><br>chaque <mark style=\"background-color:rgba(0, 0, 0, 0)\" class=\"has-inline-color has-vivid-cyan-blue-color\"><strong>dimanche<\/strong><\/mark> \u00e0 <strong><mark style=\"background-color:rgba(0, 0, 0, 0)\" class=\"has-inline-color has-vivid-cyan-blue-color\">10h<\/mark><\/strong><br>au 55 rue du g\u00e9n\u00e9ral Leclerc \u00e0 Ostwald !<\/p>\n\n\n\n<p class=\"has-text-align-center\"><span class=\"efont\" id=\"copy-emoji\" style=\"\">\ud83d\udcc5<\/span> <a href=\"https:\/\/protestants-ostwald.fr\/index.php\/actualites\/agenda\/\" data-type=\"page\" data-id=\"231\">Calendrier des prochains cultes<\/a> <span class=\"efont\" id=\"copy-emoji\" style=\"\">\ud83d\udcc5<\/span><\/p>\n\n\n<div style=\"padding-left:16%;\"><div id=\"wp_osm_\" class=\"wp_osm\" style=\"width: 80%; height: 300px\" data-lon=\"6198070\" data-lat=\"858307\" data-zoom=\"12\">\r\n\r\n\t<div class=\"ol-popup\">\r\n\r\n\t    <a href=\"#\" class=\"ol-popup-closer\"><\/a>\r\n\r\n\t    <div class=\"popup-content\"><\/div>\r\n\r\n\t<\/div>\r\n\r\n\t<div class=\"marker\" data-icon=\"https:\/\/protestants-ostwald.fr\/wp-content\/plugins\/wp-open-street-map\/images\/markers\/marker.png\" data-lon=\"858134\" data-lat=\"6198310\" data-name=\"\" data-description=\"\"><\/div>\r\n<\/div><\/div>\n\n\n\n<p><\/p>\n\n\n\n<p class=\"has-text-align-center\">L&rsquo;\u00e9glise, id\u00e9alement situ\u00e9e, est facilement accessible en bus (ligne C4, arr\u00eat Vernois Mangold), en tram (arr\u00eat Ostwald H\u00f4tel de Ville), est accol\u00e9e \u00e0 une belle piste cyclable (arceaux devant l&rsquo;\u00e9glise) et se trouve \u00e0 quelques minutes de l&rsquo;autoroute (sortie 6, grand parking privatif).<\/p>\n","protected":false},"excerpt":{"rendered":"<p>Bienvenue sur le site de la paroisse protestante d\u2019Ostwald ! Nous sommes une communaut\u00e9 d&rsquo;\u00eatres humains qui tentent de vivre ensemble la libert\u00e9 que donne l&rsquo;\u00c9vangile de J\u00e9sus-Christ. Nous rejoindre Retrouvez nous pour le cultechaque dimanche \u00e0 10hau 55 rue du g\u00e9n\u00e9ral Leclerc \u00e0 Ostwald ! \ud83d\udcc5 Calendrier des prochains cultes \ud83d\udcc5 L&rsquo;\u00e9glise, id\u00e9alement situ\u00e9e, &hellip; <\/p>\n<p class=\"link-more\"><a href=\"https:\/\/protestants-ostwald.fr\/\" class=\"more-link\">Continuer la lecture<span class=\"screen-reader-text\"> de &laquo;&nbsp;Accueil&nbsp;&raquo;<\/span><\/a><\/p>\n","protected":false},"author":1,"featured_media":0,"parent":0,"menu_order":0,"comment_status":"closed","ping_status":"closed","template":"","meta":{"footnotes":""},"class_list":["post-14","page","type-page","status-publish","hentry"],"_links":{"self":[{"href":"https:\/\/protestants-ostwald.fr\/index.php\/wp-json\/wp\/v2\/pages\/14","targetHints":{"allow":["GET"]}}],"collection":[{"href":"https:\/\/protestants-ostwald.fr\/index.php\/wp-json\/wp\/v2\/pages"}],"about":[{"href":"https:\/\/protestants-ostwald.fr\/index.php\/wp-json\/wp\/v2\/types\/page"}],"author":[{"embeddable":true,"href":"https:\/\/protestants-ostwald.fr\/index.php\/wp-json\/wp\/v2\/users\/1"}],"replies":[{"embeddable":true,"href":"https:\/\/protestants-ostwald.fr\/index.php\/wp-json\/wp\/v2\/comments?post=14"}],"version-history":[{"count":24,"href":"https:\/\/protestants-ostwald.fr\/index.php\/wp-json\/wp\/v2\/pages\/14\/revisions"}],"predecessor-version":[{"id":462,"href":"https:\/\/protestants-ostwald.fr\/index.php\/wp-json\/wp\/v2\/pages\/14\/revisions\/462"}],"wp:attachment":[{"href":"https:\/\/protestants-ostwald.fr\/index.php\/wp-json\/wp\/v2\/media?parent=14"}],"curies":[{"name":"wp","href":"https:\/\/api.w.org\/{rel}","templated":true}]}}